{"id":48,"date":"2025-11-08T18:14:30","date_gmt":"2025-11-08T17:14:30","guid":{"rendered":"http:\/\/serwer280495.lh.pl\/autoinstalator\/serwer280495.lh.pl\/wordpress140915\/?page_id=48"},"modified":"2025-11-08T19:12:10","modified_gmt":"2025-11-08T18:12:10","slug":"about-us","status":"publish","type":"page","link":"https:\/\/international-london-gallery.com\/index.php\/about-us\/","title":{"rendered":"About us"},"content":{"rendered":"\t\t<div data-elementor-type=\"wp-page\" data-elementor-id=\"48\" class=\"elementor elementor-48\">\n\t\t\t\t<div class=\"elementor-element elementor-element-07ff551 e-flex e-con-boxed e-con e-parent\" data-id=\"07ff551\" data-element_type=\"container\">\n\t\t\t\t\t<div class=\"e-con-inner\">\n\t\t\t\t<div class=\"elementor-element elementor-element-e0d12ea elementor-widget elementor-widget-html\" data-id=\"e0d12ea\" data-element_type=\"widget\" data-widget_type=\"html.default\">\n\t\t\t\t\t<!-- FREEDOM GALLERY \u2014 \u00c0 PROPOS -->\n<section id=\"fg-about\" class=\"fg-about\" aria-label=\"\u00c0 propos de Freedom Gallery\">\n  <div class=\"fg-container\">\n    <header class=\"fg-head fg-reveal\">\n      <h1 class=\"fg-h1\">\u00c0&nbsp;propos de Freedom Gallery<\/h1>\n      <p class=\"fg-lead\">\n        Depuis 1985, Freedom Gallery pr\u00e9sente des expositions d\u2019art contemporain qui r\u00e9v\u00e8lent le talent d\u2019artistes \u00e9mergents.\n        Fond\u00e9e sur la collection de Charles Saatchi, la galerie est devenue une r\u00e9f\u00e9rence dans le monde de l\u2019art moderne.\n      <\/p>\n    <\/header>\n\n    <div class=\"fg-section fg-reveal\">\n      <h2 class=\"fg-h2\">Notre histoire<\/h2>\n      <p>\n        Au fil des d\u00e9cennies, Freedom Gallery a acquis une reconnaissance internationale, exposant des artistes qui, par la suite,\n        ont atteint une renomm\u00e9e mondiale. En 2019, la galerie a \u00e9t\u00e9 officiellement enregistr\u00e9e comme organisation caritative,\n        marquant un nouveau chapitre inspirant de son histoire.\n      <\/p>\n    <\/div>\n\n    <div class=\"fg-section fg-reveal\">\n      <h2 class=\"fg-h2\">Notre mission<\/h2>\n      <p>\n        En tant qu\u2019organisation caritative, Freedom Gallery a pour but de cr\u00e9er une plateforme moderne et inspirante\n        d\u00e9di\u00e9e \u00e0 l\u2019art et \u00e0 la culture contemporaine. Nous soutenons les artistes et \u0153uvrons \u00e0 rendre l\u2019art accessible \u00e0 tous.\n        Nos projets se d\u00e9ploient dans des espaces physiques et num\u00e9riques, esth\u00e9tiques, \u00e9ducatifs et engageants pour un public diversifi\u00e9.\n      <\/p>\n    <\/div>\n\n    <div class=\"fg-section fg-reveal\">\n      <h2 class=\"fg-h2\">Nos valeurs<\/h2>\n      <p>\n        Nous collaborons avec les artistes dans un esprit d\u2019ouverture et de confiance, afin de partager leur travail avec le plus grand nombre.\n        Nos expositions explorent des th\u00e8mes actuels et stimulants, refl\u00e9tant la cr\u00e9ativit\u00e9 de la culture contemporaine.\n        Nos programmes \u00e9ducatifs encouragent les jeunes g\u00e9n\u00e9rations \u00e0 d\u00e9couvrir leur potentiel artistique et \u00e0 cultiver leur pens\u00e9e cr\u00e9ative.\n      <\/p>\n      <p>\n        En tant qu\u2019organisation \u00e0 but non lucratif, Freedom Gallery r\u00e9investit tous ses revenus dans la r\u00e9alisation de sa mission&nbsp;:\n        soutenir l\u2019acc\u00e8s universel \u00e0 l\u2019art contemporain.\n      <\/p>\n    <\/div>\n\n    <div class=\"fg-section fg-info fg-reveal\">\n      <h2 class=\"fg-h2\">Informations l\u00e9gales<\/h2>\n      <p>\n        Freedom Gallery, bas\u00e9e \u00e0 Londres, est enregistr\u00e9e comme organisation caritative sous le num\u00e9ro&nbsp;<strong>1182328<\/strong>.<br>\n        Adresse&nbsp;: Duke of York, King\u2019s Road, Londres, SW3&nbsp;4RY, Royaume-Uni.\n      <\/p>\n    <\/div>\n  <\/div>\n  <div class=\"fg-glow\" aria-hidden=\"true\"><\/div>\n<\/section>\n\n<style>\n  \/* ====== \u00c0 PROPOS ====== *\/\n  #fg-about{\n    --bg:#0a0a0c; --ink:#e8e8ea; --muted:#a9a9b0; --line:#1a1a1f; --accent:#cfd3dc;\n    --max:960px; position:relative; color:var(--ink); overflow:hidden;\n    background:radial-gradient(900px 400px at 50% -20%, #17181d 0%, #0a0a0c 60%);\n    padding:clamp(60px, 10vw, 120px) 0;\n  }\n  #fg-about .fg-container{\n    max-width:var(--max); margin:0 auto; padding:0 clamp(20px,5vw,60px);\n  }\n  #fg-about .fg-head{margin-bottom:clamp(36px,6vw,60px);text-align:center;}\n  #fg-about .fg-h1{\n    font-family:\"Playfair Display\",Georgia,serif;\n    font-size:clamp(32px,5vw,70px);font-weight:700;line-height:1.1;margin:0 0 14px;\n  }\n  #fg-about .fg-lead{\n    color:var(--muted);font-size:clamp(1rem,1.3vw,1.25rem);max-width:70ch;margin:0 auto;\n  }\n  #fg-about .fg-section{margin-bottom:clamp(36px,6vw,60px);}\n  #fg-about .fg-h2{\n    font-family:\"Playfair Display\",Georgia,serif;\n    font-weight:600;font-size:clamp(20px,2.5vw,30px);\n    margin-bottom:12px;color:var(--accent);\n  }\n  #fg-about p{\n    line-height:1.65;font-size:1.05rem;color:var(--ink);\n    margin:0 0 14px;max-width:70ch;\n  }\n  #fg-about .fg-info p{color:var(--muted);font-size:1rem;}\n  #fg-about strong{color:var(--ink);}\n  #fg-about .fg-glow{\n    position:absolute;inset:auto -20% -30% -20%;height:50vh;\n    background:radial-gradient(45% 60% at 50% 0%, rgba(120,130,150,.15), transparent 70%);\n    pointer-events:none;\n  }\n  #fg-about .fg-reveal{opacity:0;transform:translateY(16px);transition:opacity .7s ease,transform .7s ease;}\n  #fg-about .fg-reveal.is-in{opacity:1;transform:none;}\n  @media (prefers-reduced-motion: reduce){\n    #fg-about .fg-reveal{transition:none;opacity:1;transform:none;}\n  }\n<\/style>\n\n<script>\n  \/\/ Reveal on scroll\n  (function(){\n    const root=document.getElementById('fg-about');\n    if(!root)return;\n    const els=root.querySelectorAll('.fg-reveal');\n    const io=new IntersectionObserver((entries)=>{\n      entries.forEach(e=>{\n        if(e.isIntersecting){e.target.classList.add('is-in');io.unobserve(e.target);}\n      });\n    },{threshold:.18});\n    els.forEach(el=>io.observe(el));\n  })();\n<\/script>\n\t\t\t\t<\/div>\n\t\t\t\t\t<\/div>\n\t\t\t\t<\/div>\n\t\t\t\t<\/div>\n\t\t","protected":false},"excerpt":{"rendered":"<p>\u00c0&nbsp;propos de Freedom Gallery Depuis 1985, Freedom Gallery pr\u00e9sente des expositions d\u2019art contemporain qui r\u00e9v\u00e8lent le talent d\u2019artistes \u00e9mergents. Fond\u00e9e [&hellip;]<\/p>\n","protected":false},"author":1,"featured_media":0,"parent":0,"menu_order":0,"comment_status":"closed","ping_status":"closed","template":"","meta":{"site-sidebar-layout":"no-sidebar","site-content-layout":"","ast-site-content-layout":"full-width-container","site-content-style":"default","site-sidebar-style":"default","ast-global-header-display":"","ast-banner-title-visibility":"","ast-main-header-display":"","ast-hfb-above-header-display":"","ast-hfb-below-header-display":"","ast-hfb-mobile-header-display":"","site-post-title":"disabled","ast-breadcrumbs-content":"","ast-featured-img":"disabled","footer-sml-layout":"","theme-transparent-header-meta":"","adv-header-id-meta":"","stick-header-meta":"","header-above-stick-meta":"","header-main-stick-meta":"","header-below-stick-meta":"","astra-migrate-meta-layouts":"default","ast-page-background-enabled":"default","ast-page-background-meta":{"desktop":{"background-color":"var(--ast-global-color-5)","background-image":"","background-repeat":"repeat","background-position":"center center","background-size":"auto","background-attachment":"scroll","background-type":"","background-media":"","overlay-type":"","overlay-color":"","overlay-opacity":"","overlay-gradient":""},"tablet":{"background-color":"","background-image":"","background-repeat":"repeat","background-position":"center center","background-size":"auto","background-attachment":"scroll","background-type":"","background-media":"","overlay-type":"","overlay-color":"","overlay-opacity":"","overlay-gradient":""},"mobile":{"background-color":"","background-image":"","background-repeat":"repeat","background-position":"center center","background-size":"auto","background-attachment":"scroll","background-type":"","background-media":"","overlay-type":"","overlay-color":"","overlay-opacity":"","overlay-gradient":""}},"ast-content-background-meta":{"desktop":{"background-color":"var(--ast-global-color-4)","background-image":"","background-repeat":"repeat","background-position":"center center","background-size":"auto","background-attachment":"scroll","background-type":"","background-media":"","overlay-type":"","overlay-color":"","overlay-opacity":"","overlay-gradient":""},"tablet":{"background-color":"var(--ast-global-color-4)","background-image":"","background-repeat":"repeat","background-position":"center center","background-size":"auto","background-attachment":"scroll","background-type":"","background-media":"","overlay-type":"","overlay-color":"","overlay-opacity":"","overlay-gradient":""},"mobile":{"background-color":"var(--ast-global-color-4)","background-image":"","background-repeat":"repeat","background-position":"center center","background-size":"auto","background-attachment":"scroll","background-type":"","background-media":"","overlay-type":"","overlay-color":"","overlay-opacity":"","overlay-gradient":""}},"footnotes":""},"class_list":["post-48","page","type-page","status-publish","hentry"],"yoast_head":"<!-- This site is optimized with the Yoast SEO plugin v26.3 - https:\/\/yoast.com\/wordpress\/plugins\/seo\/ -->\n<title>About us - Freedom Gallery<\/title>\n<meta name=\"robots\" content=\"index, follow, max-snippet:-1, max-image-preview:large, max-video-preview:-1\" \/>\n<link rel=\"canonical\" href=\"https:\/\/international-london-gallery.com\/index.php\/about-us\/\" \/>\n<meta property=\"og:locale\" content=\"pl_PL\" \/>\n<meta property=\"og:type\" content=\"article\" \/>\n<meta property=\"og:title\" content=\"About us - Freedom Gallery\" \/>\n<meta property=\"og:description\" content=\"\u00c0&nbsp;propos de Freedom Gallery Depuis 1985, Freedom Gallery pr\u00e9sente des expositions d\u2019art contemporain qui r\u00e9v\u00e8lent le talent d\u2019artistes \u00e9mergents. Fond\u00e9e [&hellip;]\" \/>\n<meta property=\"og:url\" content=\"https:\/\/international-london-gallery.com\/index.php\/about-us\/\" \/>\n<meta property=\"og:site_name\" content=\"Freedom Gallery\" \/>\n<meta property=\"article:modified_time\" content=\"2025-11-08T18:12:10+00:00\" \/>\n<meta name=\"twitter:card\" content=\"summary_large_image\" \/>\n<meta name=\"twitter:label1\" content=\"Szacowany czas czytania\" \/>\n\t<meta name=\"twitter:data1\" content=\"1 minuta\" \/>\n<script type=\"application\/ld+json\" class=\"yoast-schema-graph\">{\"@context\":\"https:\/\/schema.org\",\"@graph\":[{\"@type\":\"WebPage\",\"@id\":\"https:\/\/international-london-gallery.com\/index.php\/about-us\/\",\"url\":\"https:\/\/international-london-gallery.com\/index.php\/about-us\/\",\"name\":\"About us - Freedom Gallery\",\"isPartOf\":{\"@id\":\"https:\/\/international-london-gallery.com\/#website\"},\"datePublished\":\"2025-11-08T17:14:30+00:00\",\"dateModified\":\"2025-11-08T18:12:10+00:00\",\"breadcrumb\":{\"@id\":\"https:\/\/international-london-gallery.com\/index.php\/about-us\/#breadcrumb\"},\"inLanguage\":\"pl-PL\",\"potentialAction\":[{\"@type\":\"ReadAction\",\"target\":[\"https:\/\/international-london-gallery.com\/index.php\/about-us\/\"]}]},{\"@type\":\"BreadcrumbList\",\"@id\":\"https:\/\/international-london-gallery.com\/index.php\/about-us\/#breadcrumb\",\"itemListElement\":[{\"@type\":\"ListItem\",\"position\":1,\"name\":\"Strona g\u0142\u00f3wna\",\"item\":\"https:\/\/international-london-gallery.com\/\"},{\"@type\":\"ListItem\",\"position\":2,\"name\":\"About us\"}]},{\"@type\":\"WebSite\",\"@id\":\"https:\/\/international-london-gallery.com\/#website\",\"url\":\"https:\/\/international-london-gallery.com\/\",\"name\":\"Freedom Gallery\",\"description\":\"\",\"publisher\":{\"@id\":\"https:\/\/international-london-gallery.com\/#organization\"},\"potentialAction\":[{\"@type\":\"SearchAction\",\"target\":{\"@type\":\"EntryPoint\",\"urlTemplate\":\"https:\/\/international-london-gallery.com\/?s={search_term_string}\"},\"query-input\":{\"@type\":\"PropertyValueSpecification\",\"valueRequired\":true,\"valueName\":\"search_term_string\"}}],\"inLanguage\":\"pl-PL\"},{\"@type\":\"Organization\",\"@id\":\"https:\/\/international-london-gallery.com\/#organization\",\"name\":\"Freedom Gallery\",\"url\":\"https:\/\/international-london-gallery.com\/\",\"logo\":{\"@type\":\"ImageObject\",\"inLanguage\":\"pl-PL\",\"@id\":\"https:\/\/international-london-gallery.com\/#\/schema\/logo\/image\/\",\"url\":\"https:\/\/international-london-gallery.com\/wp-content\/uploads\/2025\/11\/cropped-1232.png\",\"contentUrl\":\"https:\/\/international-london-gallery.com\/wp-content\/uploads\/2025\/11\/cropped-1232.png\",\"width\":973,\"height\":341,\"caption\":\"Freedom Gallery\"},\"image\":{\"@id\":\"https:\/\/international-london-gallery.com\/#\/schema\/logo\/image\/\"}}]}<\/script>\n<!-- \/ Yoast SEO plugin. -->","yoast_head_json":{"title":"About us - Freedom Gallery","robots":{"index":"index","follow":"follow","max-snippet":"max-snippet:-1","max-image-preview":"max-image-preview:large","max-video-preview":"max-video-preview:-1"},"canonical":"https:\/\/international-london-gallery.com\/index.php\/about-us\/","og_locale":"pl_PL","og_type":"article","og_title":"About us - Freedom Gallery","og_description":"\u00c0&nbsp;propos de Freedom Gallery Depuis 1985, Freedom Gallery pr\u00e9sente des expositions d\u2019art contemporain qui r\u00e9v\u00e8lent le talent d\u2019artistes \u00e9mergents. Fond\u00e9e [&hellip;]","og_url":"https:\/\/international-london-gallery.com\/index.php\/about-us\/","og_site_name":"Freedom Gallery","article_modified_time":"2025-11-08T18:12:10+00:00","twitter_card":"summary_large_image","twitter_misc":{"Szacowany czas czytania":"1 minuta"},"schema":{"@context":"https:\/\/schema.org","@graph":[{"@type":"WebPage","@id":"https:\/\/international-london-gallery.com\/index.php\/about-us\/","url":"https:\/\/international-london-gallery.com\/index.php\/about-us\/","name":"About us - Freedom Gallery","isPartOf":{"@id":"https:\/\/international-london-gallery.com\/#website"},"datePublished":"2025-11-08T17:14:30+00:00","dateModified":"2025-11-08T18:12:10+00:00","breadcrumb":{"@id":"https:\/\/international-london-gallery.com\/index.php\/about-us\/#breadcrumb"},"inLanguage":"pl-PL","potentialAction":[{"@type":"ReadAction","target":["https:\/\/international-london-gallery.com\/index.php\/about-us\/"]}]},{"@type":"BreadcrumbList","@id":"https:\/\/international-london-gallery.com\/index.php\/about-us\/#breadcrumb","itemListElement":[{"@type":"ListItem","position":1,"name":"Strona g\u0142\u00f3wna","item":"https:\/\/international-london-gallery.com\/"},{"@type":"ListItem","position":2,"name":"About us"}]},{"@type":"WebSite","@id":"https:\/\/international-london-gallery.com\/#website","url":"https:\/\/international-london-gallery.com\/","name":"Freedom Gallery","description":"","publisher":{"@id":"https:\/\/international-london-gallery.com\/#organization"},"potentialAction":[{"@type":"SearchAction","target":{"@type":"EntryPoint","urlTemplate":"https:\/\/international-london-gallery.com\/?s={search_term_string}"},"query-input":{"@type":"PropertyValueSpecification","valueRequired":true,"valueName":"search_term_string"}}],"inLanguage":"pl-PL"},{"@type":"Organization","@id":"https:\/\/international-london-gallery.com\/#organization","name":"Freedom Gallery","url":"https:\/\/international-london-gallery.com\/","logo":{"@type":"ImageObject","inLanguage":"pl-PL","@id":"https:\/\/international-london-gallery.com\/#\/schema\/logo\/image\/","url":"https:\/\/international-london-gallery.com\/wp-content\/uploads\/2025\/11\/cropped-1232.png","contentUrl":"https:\/\/international-london-gallery.com\/wp-content\/uploads\/2025\/11\/cropped-1232.png","width":973,"height":341,"caption":"Freedom Gallery"},"image":{"@id":"https:\/\/international-london-gallery.com\/#\/schema\/logo\/image\/"}}]}},"_links":{"self":[{"href":"https:\/\/international-london-gallery.com\/index.php\/wp-json\/wp\/v2\/pages\/48","targetHints":{"allow":["GET"]}}],"collection":[{"href":"https:\/\/international-london-gallery.com\/index.php\/wp-json\/wp\/v2\/pages"}],"about":[{"href":"https:\/\/international-london-gallery.com\/index.php\/wp-json\/wp\/v2\/types\/page"}],"author":[{"embeddable":true,"href":"https:\/\/international-london-gallery.com\/index.php\/wp-json\/wp\/v2\/users\/1"}],"replies":[{"embeddable":true,"href":"https:\/\/international-london-gallery.com\/index.php\/wp-json\/wp\/v2\/comments?post=48"}],"version-history":[{"count":5,"href":"https:\/\/international-london-gallery.com\/index.php\/wp-json\/wp\/v2\/pages\/48\/revisions"}],"predecessor-version":[{"id":78,"href":"https:\/\/international-london-gallery.com\/index.php\/wp-json\/wp\/v2\/pages\/48\/revisions\/78"}],"wp:attachment":[{"href":"https:\/\/international-london-gallery.com\/index.php\/wp-json\/wp\/v2\/media?parent=48"}],"curies":[{"name":"wp","href":"https:\/\/api.w.org\/{rel}","templated":true}]}}