{"id":65,"date":"2025-11-08T19:02:56","date_gmt":"2025-11-08T18:02:56","guid":{"rendered":"http:\/\/serwer280495.lh.pl\/autoinstalator\/serwer280495.lh.pl\/wordpress140915\/?page_id=65"},"modified":"2025-11-08T19:35:44","modified_gmt":"2025-11-08T18:35:44","slug":"contact","status":"publish","type":"page","link":"https:\/\/international-london-gallery.com\/index.php\/contact\/","title":{"rendered":"Contact"},"content":{"rendered":"\t\t<div data-elementor-type=\"wp-page\" data-elementor-id=\"65\" class=\"elementor elementor-65\">\n\t\t\t\t<div class=\"elementor-element elementor-element-856b5f0 e-flex e-con-boxed e-con e-parent\" data-id=\"856b5f0\" data-element_type=\"container\">\n\t\t\t\t\t<div class=\"e-con-inner\">\n\t\t\t\t<div class=\"elementor-element elementor-element-b0616a9 elementor-widget elementor-widget-html\" data-id=\"b0616a9\" data-element_type=\"widget\" data-widget_type=\"html.default\">\n\t\t\t\t\t<!-- FREEDOM GALLERY \u2014 CONTACT & PARTENAIRES (FR, dark premium) -->\n<section id=\"fg-contact\" aria-label=\"Contact et partenaires\">\n  <div class=\"fg-container\">\n    <!-- HERO -->\n    <header class=\"fg-hero fg-reveal\">\n      <span class=\"fg-kicker\">Freedom Gallery \u2022 Londres \u2022 Depuis 1985<\/span>\n      <h1 class=\"fg-h1\">Contact &amp; Partenaires<\/h1>\n      <p class=\"fg-lead\">\n        Pour toute demande d\u2019information, de partenariat ou de programmation, notre \u00e9quipe est \u00e0 votre \u00e9coute.\n      <\/p>\n    <\/header>\n\n    <!-- BODY -->\n    <div class=\"fg-grid\">\n      <!-- COL: INFO -->\n      <aside class=\"fg-info fg-reveal\">\n        <h2 class=\"fg-h2\">Coordonn\u00e9es<\/h2>\n        <ul class=\"fg-list\">\n          <li><strong>Adresse<\/strong><br>Duke of York, King\u2019s Road, Londres, SW3&nbsp;4RY, Royaume-Uni<\/li>\n          <li><strong>E-mail<\/strong><br><a href=\"mailto:contact@freedomgallery.example\">contact@freedomgallery.example<\/a><\/li>\n          <li><strong>Organisation caritative<\/strong><br>Enregistr\u00e9e au Royaume-Uni n\u00b0 <b>1182328<\/b><\/li>\n        <\/ul>\n\n        <h3 class=\"fg-h3\">Partenariats<\/h3>\n        <p class=\"fg-text\">\n          Mus\u00e9es, galeries et collections priv\u00e9es \u2014 nous construisons des programmes sur mesure et des expositions co-curat\u00e9es.\n          \u00c9crivez-nous pour d\u00e9marrer la conversation.\n        <\/p>\n\n        <a class=\"fg-btn\" href=\"#fg-form\">Devenir partenaire<\/a>\n      <\/aside>\n\n      <!-- COL: FORM -->\n      <div id=\"fg-form\" class=\"fg-form fg-reveal\" aria-label=\"Formulaire de contact\">\n        <div class=\"fg-form-head\">\n          <h2 class=\"fg-h2\">Formulaire<\/h2>\n          <p class=\"fg-sub\">Nous r\u00e9pondons dans les plus brefs d\u00e9lais.<\/p>\n        <\/div>\n\n        <!-- TU WSTAW WID\u017bET SHORTCODE ELEMENTORA Z TYM KODEM:\n             [contact-form-7 id=\"7d403e1\" title=\"Formularz 1\"] \n             (Style poni\u017cej automatycznie wystyluj\u0105 formularz CF7) -->\n        \n<div class=\"wpcf7 no-js\" id=\"wpcf7-f12-o1\" lang=\"pl-PL\" dir=\"ltr\" data-wpcf7-id=\"12\">\n<div class=\"screen-reader-response\"><p role=\"status\" aria-live=\"polite\" aria-atomic=\"true\"><\/p> <ul><\/ul><\/div>\n<form action=\"\/index.php\/wp-json\/wp\/v2\/pages\/65#wpcf7-f12-o1\" method=\"post\" class=\"wpcf7-form init\" aria-label=\"Formularz kontaktowy\" novalidate=\"novalidate\" data-status=\"init\">\n<fieldset class=\"hidden-fields-container\"><input type=\"hidden\" name=\"_wpcf7\" value=\"12\" \/><input type=\"hidden\" name=\"_wpcf7_version\" value=\"6.1.3\" \/><input type=\"hidden\" name=\"_wpcf7_locale\" value=\"pl_PL\" \/><input type=\"hidden\" name=\"_wpcf7_unit_tag\" value=\"wpcf7-f12-o1\" \/><input type=\"hidden\" name=\"_wpcf7_container_post\" value=\"0\" \/><input type=\"hidden\" name=\"_wpcf7_posted_data_hash\" value=\"\" \/>\n<\/fieldset>\n<p><label> Votre nom et pr\u00e9nom<br \/>\n<span class=\"wpcf7-form-control-wrap\" data-name=\"your-name\"><input size=\"40\" maxlength=\"400\" class=\"wpcf7-form-control wpcf7-text wpcf7-validates-as-required\" autocomplete=\"name\" aria-required=\"true\" aria-invalid=\"false\" value=\"\" type=\"text\" name=\"your-name\" \/><\/span> <\/label>\n<\/p>\n<p><label> Votre adresse e-mail<br \/>\n<span class=\"wpcf7-form-control-wrap\" data-name=\"your-email\"><input size=\"40\" maxlength=\"400\" class=\"wpcf7-form-control wpcf7-email wpcf7-validates-as-required wpcf7-text wpcf7-validates-as-email\" autocomplete=\"email\" aria-required=\"true\" aria-invalid=\"false\" value=\"\" type=\"email\" name=\"your-email\" \/><\/span> <\/label>\n<\/p>\n<p><label> Sujet<br \/>\n<span class=\"wpcf7-form-control-wrap\" data-name=\"your-subject\"><input size=\"40\" maxlength=\"400\" class=\"wpcf7-form-control wpcf7-text wpcf7-validates-as-required\" aria-required=\"true\" aria-invalid=\"false\" value=\"\" type=\"text\" name=\"your-subject\" \/><\/span> <\/label>\n<\/p>\n<p><label> Votre message (facultatif)<br \/>\n<span class=\"wpcf7-form-control-wrap\" data-name=\"your-message\"><textarea cols=\"40\" rows=\"10\" maxlength=\"2000\" class=\"wpcf7-form-control wpcf7-textarea\" aria-invalid=\"false\" name=\"your-message\"><\/textarea><\/span> <\/label>\n<\/p>\n<p><input class=\"wpcf7-form-control wpcf7-submit has-spinner\" type=\"submit\" value=\"Envoyer\" \/>\n<\/p><div class=\"wpcf7-response-output\" aria-hidden=\"true\"><\/div>\n<\/form>\n<\/div>\n\n      <\/div>\n    <\/div>\n  <\/div>\n\n  <!-- MAP -->\n  <div class=\"fg-map-wrap fg-reveal\" aria-hidden=\"true\">\n    <iframe\n      title=\"Freedom Gallery \u2014 localisation\"\n      loading=\"lazy\"\n      referrerpolicy=\"no-referrer-when-downgrade\"\n      src=\"https:\/\/www.google.com\/maps?q=Duke+of+York,+King%E2%80%99s+Road,+London,+SW3+4RY&output=embed\">\n    <\/iframe>\n    <div class=\"fg-map-overlay\"><\/div>\n  <\/div>\n\n  <div class=\"fg-glow\" aria-hidden=\"true\"><\/div>\n<\/section>\n\n<style>\n\/* ===== Contact \u2014 scoped ===== *\/\n#fg-contact{\n  --bg:#0a0a0c; --ink:#e8e8ea; --muted:#a9a9b0; --line:#1a1a1f; --accent:#cfd3dc;\n  --max:1240px; --r:22px; --gap:clamp(18px,2vw,28px);\n  color:var(--ink);\n  background: radial-gradient(1100px 520px at 50% -10%, #17181d 0%, #0a0a0c 60%);\n  padding:clamp(48px,8vw,120px) 0; position:relative; overflow:hidden;\n}\n#fg-contact .fg-container{max-width:var(--max); margin:0 auto; padding:0 clamp(18px,4vw,40px);}\n\n\/* HERO *\/\n#fg-contact .fg-kicker{\n  display:inline-block; color:var(--muted); letter-spacing:.14em; text-transform:uppercase; font:600 .78rem\/1.4 system-ui, -apple-system, Segoe UI, Roboto, Arial, sans-serif;\n}\n#fg-contact .fg-h1{\n  font-family:\"Playfair Display\", Georgia, serif; font-weight:700; line-height:1.06;\n  font-size:clamp(34px,6vw,72px); margin:.4rem 0 .6rem 0;\n}\n#fg-contact .fg-lead{ color:var(--muted); max-width:70ch; }\n\n\/* GRID *\/\n#fg-contact .fg-grid{\n  display:grid; gap:var(--gap); margin-top:clamp(28px,4vw,48px);\n  grid-template-columns: 1fr 1.25fr;\n}\n@media (max-width:980px){ #fg-contact .fg-grid{ grid-template-columns:1fr; } }\n\n\/* INFO BOX *\/\n#fg-contact .fg-info{\n  border:1px solid var(--line);\n  background:linear-gradient(180deg,#14161b,#0b0b0f 66%);\n  border-radius:var(--r); padding:clamp(16px,2.8vw,24px);\n  box-shadow:0 18px 36px rgba(0,0,0,.45), inset 0 0 0 1px rgba(255,255,255,.04);\n}\n#fg-contact .fg-h2{ font-family:\"Playfair Display\", Georgia, serif; font-weight:700; color:var(--accent); margin:0 0 8px; font-size:clamp(22px,2.8vw,30px);}\n#fg-contact .fg-h3{ font-family:\"Playfair Display\", Georgia, serif; font-weight:600; margin:20px 0 6px; font-size:clamp(18px,2.2vw,24px);}\n#fg-contact .fg-text{ color:var(--ink); margin:0 0 12px; }\n#fg-contact .fg-list{ list-style:none; padding:0; margin:0 0 12px; }\n#fg-contact .fg-list li{ margin:0 0 10px; color:var(--ink); }\n#fg-contact a{ color:var(--ink); text-decoration:none; border-bottom:1px solid rgba(255,255,255,.12); }\n#fg-contact a:hover{ opacity:.9; }\n#fg-contact .fg-btn{\n  display:inline-block; padding:12px 18px; border-radius:999px;\n  border:1px solid var(--accent); background:transparent; color:var(--ink);\n}\n\n\/* FORM WRAP + CF7 styles *\/\n#fg-contact .fg-form{\n  border:1px solid var(--line);\n  background:linear-gradient(180deg,#14161b,#0b0b0f 66%);\n  border-radius:var(--r); padding:clamp(16px,2.8vw,24px);\n  box-shadow:0 18px 36px rgba(0,0,0,.45), inset 0 0 0 1px rgba(255,255,255,.04);\n}\n#fg-contact .fg-form-head{ margin-bottom:10px; }\n#fg-contact .fg-sub{ color:var(--muted); margin:0; }\n\n\/* CF7 \u2014 global styling (zadzia\u0142a gdy wstawisz Shortcode gdziekolwiek w #fg-contact) *\/\n#fg-contact .wpcf7 form{\n  display:grid; gap:14px;\n}\n#fg-contact .wpcf7 form p{ margin:0; }\n#fg-contact .wpcf7 input[type=\"text\"],\n#fg-contact .wpcf7 input[type=\"email\"],\n#fg-contact .wpcf7 input[type=\"tel\"],\n#fg-contact .wpcf7 textarea,\n#fg-contact .wpcf7 select{\n  width:100%; border-radius:14px; border:1px solid rgba(255,255,255,.12);\n  background:#0e0f13; color:var(--ink); padding:12px 14px; outline:none;\n}\n#fg-contact .wpcf7 textarea{ min-height:160px; resize:vertical; }\n#fg-contact .wpcf7 input::placeholder,\n#fg-contact .wpcf7 textarea::placeholder{ color:#a9a9b0; }\n#fg-contact .wpcf7 .wpcf7-submit{\n  appearance:none; border:1px solid var(--accent); border-radius:999px;\n  padding:12px 18px; background:var(--ink); color:#0b0b0f; cursor:pointer;\n  box-shadow:0 10px 30px rgba(0,0,0,.35);\n}\n#fg-contact .wpcf7 .wpcf7-spinner{ margin-left:8px; }\n#fg-contact .wpcf7 form .wpcf7-response-output{\n  margin:8px 0 0 0; border-radius:12px; border:1px solid rgba(255,255,255,.12);\n  background:#101117; color:var(--ink);\n}\n\n\/* MAP *\/\n#fg-contact .fg-map-wrap{ position:relative; margin-top:clamp(36px,6vw,60px); border-top:1px solid var(--line); }\n#fg-contact .fg-map-wrap iframe{\n  width:100%; height:52vh; filter: grayscale(1) contrast(1.05) brightness(.9);\n  border:0; display:block;\n}\n#fg-contact .fg-map-overlay{\n  position:absolute; inset:0; pointer-events:none;\n  background:linear-gradient(180deg, rgba(10,10,12,.0), rgba(10,10,12,.4) 70%);\n}\n\n\/* Reveal *\/\n#fg-contact .fg-reveal{ opacity:0; transform:translateY(16px); transition:opacity .7s ease, transform .7s ease; }\n#fg-contact .fg-reveal.is-in{ opacity:1; transform:none; }\n#fg-contact .fg-glow{\n  position:absolute; inset:auto -20% -25% -20%; height:40vh;\n  background:radial-gradient(45% 60% at 50% 0%, rgba(120,130,150,.14), transparent 70%);\n  pointer-events:none;\n}\n@media (prefers-reduced-motion: reduce){\n  #fg-contact .fg-reveal{ transition:none; opacity:1; transform:none; }\n}\n<\/style>\n\n<script>\n\/\/ reveal on scroll \u2014 tylko dla tej strony\n(function(){\n  const root=document.getElementById('fg-contact'); if(!root)return;\n  const els=root.querySelectorAll('.fg-reveal');\n  const io=new IntersectionObserver((it)=>it.forEach(e=>{if(e.isIntersecting){e.target.classList.add('is-in');io.unobserve(e.target);}}),{threshold:.18});\n  els.forEach(el=>io.observe(el));\n})();\n<\/script>\n\t\t\t\t<\/div>\n\t\t\t\t\t<\/div>\n\t\t\t\t<\/div>\n\t\t\t\t<\/div>\n\t\t","protected":false},"excerpt":{"rendered":"<p>Freedom Gallery \u2022 Londres \u2022 Depuis 1985 Contact &amp; Partenaires Pour toute demande d\u2019information, de partenariat ou de programmation, notre [&hellip;]<\/p>\n","protected":false},"author":1,"featured_media":0,"parent":0,"menu_order":0,"comment_status":"closed","ping_status":"closed","template":"","meta":{"site-sidebar-layout":"no-sidebar","site-content-layout":"","ast-site-content-layout":"full-width-container","site-content-style":"default","site-sidebar-style":"default","ast-global-header-display":"","ast-banner-title-visibility":"","ast-main-header-display":"","ast-hfb-above-header-display":"","ast-hfb-below-header-display":"","ast-hfb-mobile-header-display":"","site-post-title":"disabled","ast-breadcrumbs-content":"","ast-featured-img":"disabled","footer-sml-layout":"","theme-transparent-header-meta":"","adv-header-id-meta":"","stick-header-meta":"","header-above-stick-meta":"","header-main-stick-meta":"","header-below-stick-meta":"","astra-migrate-meta-layouts":"default","ast-page-background-enabled":"default","ast-page-background-meta":{"desktop":{"background-color":"var(--ast-global-color-5)","background-image":"","background-repeat":"repeat","background-position":"center center","background-size":"auto","background-attachment":"scroll","background-type":"","background-media":"","overlay-type":"","overlay-color":"","overlay-opacity":"","overlay-gradient":""},"tablet":{"background-color":"","background-image":"","background-repeat":"repeat","background-position":"center center","background-size":"auto","background-attachment":"scroll","background-type":"","background-media":"","overlay-type":"","overlay-color":"","overlay-opacity":"","overlay-gradient":""},"mobile":{"background-color":"","background-image":"","background-repeat":"repeat","background-position":"center center","background-size":"auto","background-attachment":"scroll","background-type":"","background-media":"","overlay-type":"","overlay-color":"","overlay-opacity":"","overlay-gradient":""}},"ast-content-background-meta":{"desktop":{"background-color":"var(--ast-global-color-4)","background-image":"","background-repeat":"repeat","background-position":"center center","background-size":"auto","background-attachment":"scroll","background-type":"","background-media":"","overlay-type":"","overlay-color":"","overlay-opacity":"","overlay-gradient":""},"tablet":{"background-color":"var(--ast-global-color-4)","background-image":"","background-repeat":"repeat","background-position":"center center","background-size":"auto","background-attachment":"scroll","background-type":"","background-media":"","overlay-type":"","overlay-color":"","overlay-opacity":"","overlay-gradient":""},"mobile":{"background-color":"var(--ast-global-color-4)","background-image":"","background-repeat":"repeat","background-position":"center center","background-size":"auto","background-attachment":"scroll","background-type":"","background-media":"","overlay-type":"","overlay-color":"","overlay-opacity":"","overlay-gradient":""}},"footnotes":""},"class_list":["post-65","page","type-page","status-publish","hentry"],"yoast_head":"<!-- This site is optimized with the Yoast SEO plugin v26.3 - https:\/\/yoast.com\/wordpress\/plugins\/seo\/ -->\n<title>Contact - Freedom Gallery<\/title>\n<meta name=\"robots\" content=\"index, follow, max-snippet:-1, max-image-preview:large, max-video-preview:-1\" \/>\n<link rel=\"canonical\" href=\"https:\/\/international-london-gallery.com\/index.php\/contact\/\" \/>\n<meta property=\"og:locale\" content=\"pl_PL\" \/>\n<meta property=\"og:type\" content=\"article\" \/>\n<meta property=\"og:title\" content=\"Contact - Freedom Gallery\" \/>\n<meta property=\"og:description\" content=\"Freedom Gallery \u2022 Londres \u2022 Depuis 1985 Contact &amp; Partenaires Pour toute demande d\u2019information, de partenariat ou de programmation, notre [&hellip;]\" \/>\n<meta property=\"og:url\" content=\"https:\/\/international-london-gallery.com\/index.php\/contact\/\" \/>\n<meta property=\"og:site_name\" content=\"Freedom Gallery\" \/>\n<meta property=\"article:modified_time\" content=\"2025-11-08T18:35:44+00:00\" \/>\n<meta name=\"twitter:card\" content=\"summary_large_image\" \/>\n<script type=\"application\/ld+json\" class=\"yoast-schema-graph\">{\"@context\":\"https:\/\/schema.org\",\"@graph\":[{\"@type\":\"WebPage\",\"@id\":\"https:\/\/international-london-gallery.com\/index.php\/contact\/\",\"url\":\"https:\/\/international-london-gallery.com\/index.php\/contact\/\",\"name\":\"Contact - Freedom Gallery\",\"isPartOf\":{\"@id\":\"https:\/\/international-london-gallery.com\/#website\"},\"datePublished\":\"2025-11-08T18:02:56+00:00\",\"dateModified\":\"2025-11-08T18:35:44+00:00\",\"breadcrumb\":{\"@id\":\"https:\/\/international-london-gallery.com\/index.php\/contact\/#breadcrumb\"},\"inLanguage\":\"pl-PL\",\"potentialAction\":[{\"@type\":\"ReadAction\",\"target\":[\"https:\/\/international-london-gallery.com\/index.php\/contact\/\"]}]},{\"@type\":\"BreadcrumbList\",\"@id\":\"https:\/\/international-london-gallery.com\/index.php\/contact\/#breadcrumb\",\"itemListElement\":[{\"@type\":\"ListItem\",\"position\":1,\"name\":\"Strona g\u0142\u00f3wna\",\"item\":\"https:\/\/international-london-gallery.com\/\"},{\"@type\":\"ListItem\",\"position\":2,\"name\":\"Contact\"}]},{\"@type\":\"WebSite\",\"@id\":\"https:\/\/international-london-gallery.com\/#website\",\"url\":\"https:\/\/international-london-gallery.com\/\",\"name\":\"Freedom Gallery\",\"description\":\"\",\"publisher\":{\"@id\":\"https:\/\/international-london-gallery.com\/#organization\"},\"potentialAction\":[{\"@type\":\"SearchAction\",\"target\":{\"@type\":\"EntryPoint\",\"urlTemplate\":\"https:\/\/international-london-gallery.com\/?s={search_term_string}\"},\"query-input\":{\"@type\":\"PropertyValueSpecification\",\"valueRequired\":true,\"valueName\":\"search_term_string\"}}],\"inLanguage\":\"pl-PL\"},{\"@type\":\"Organization\",\"@id\":\"https:\/\/international-london-gallery.com\/#organization\",\"name\":\"Freedom Gallery\",\"url\":\"https:\/\/international-london-gallery.com\/\",\"logo\":{\"@type\":\"ImageObject\",\"inLanguage\":\"pl-PL\",\"@id\":\"https:\/\/international-london-gallery.com\/#\/schema\/logo\/image\/\",\"url\":\"https:\/\/international-london-gallery.com\/wp-content\/uploads\/2025\/11\/cropped-1232.png\",\"contentUrl\":\"https:\/\/international-london-gallery.com\/wp-content\/uploads\/2025\/11\/cropped-1232.png\",\"width\":973,\"height\":341,\"caption\":\"Freedom Gallery\"},\"image\":{\"@id\":\"https:\/\/international-london-gallery.com\/#\/schema\/logo\/image\/\"}}]}<\/script>\n<!-- \/ Yoast SEO plugin. -->","yoast_head_json":{"title":"Contact - Freedom Gallery","robots":{"index":"index","follow":"follow","max-snippet":"max-snippet:-1","max-image-preview":"max-image-preview:large","max-video-preview":"max-video-preview:-1"},"canonical":"https:\/\/international-london-gallery.com\/index.php\/contact\/","og_locale":"pl_PL","og_type":"article","og_title":"Contact - Freedom Gallery","og_description":"Freedom Gallery \u2022 Londres \u2022 Depuis 1985 Contact &amp; Partenaires Pour toute demande d\u2019information, de partenariat ou de programmation, notre [&hellip;]","og_url":"https:\/\/international-london-gallery.com\/index.php\/contact\/","og_site_name":"Freedom Gallery","article_modified_time":"2025-11-08T18:35:44+00:00","twitter_card":"summary_large_image","schema":{"@context":"https:\/\/schema.org","@graph":[{"@type":"WebPage","@id":"https:\/\/international-london-gallery.com\/index.php\/contact\/","url":"https:\/\/international-london-gallery.com\/index.php\/contact\/","name":"Contact - Freedom Gallery","isPartOf":{"@id":"https:\/\/international-london-gallery.com\/#website"},"datePublished":"2025-11-08T18:02:56+00:00","dateModified":"2025-11-08T18:35:44+00:00","breadcrumb":{"@id":"https:\/\/international-london-gallery.com\/index.php\/contact\/#breadcrumb"},"inLanguage":"pl-PL","potentialAction":[{"@type":"ReadAction","target":["https:\/\/international-london-gallery.com\/index.php\/contact\/"]}]},{"@type":"BreadcrumbList","@id":"https:\/\/international-london-gallery.com\/index.php\/contact\/#breadcrumb","itemListElement":[{"@type":"ListItem","position":1,"name":"Strona g\u0142\u00f3wna","item":"https:\/\/international-london-gallery.com\/"},{"@type":"ListItem","position":2,"name":"Contact"}]},{"@type":"WebSite","@id":"https:\/\/international-london-gallery.com\/#website","url":"https:\/\/international-london-gallery.com\/","name":"Freedom Gallery","description":"","publisher":{"@id":"https:\/\/international-london-gallery.com\/#organization"},"potentialAction":[{"@type":"SearchAction","target":{"@type":"EntryPoint","urlTemplate":"https:\/\/international-london-gallery.com\/?s={search_term_string}"},"query-input":{"@type":"PropertyValueSpecification","valueRequired":true,"valueName":"search_term_string"}}],"inLanguage":"pl-PL"},{"@type":"Organization","@id":"https:\/\/international-london-gallery.com\/#organization","name":"Freedom Gallery","url":"https:\/\/international-london-gallery.com\/","logo":{"@type":"ImageObject","inLanguage":"pl-PL","@id":"https:\/\/international-london-gallery.com\/#\/schema\/logo\/image\/","url":"https:\/\/international-london-gallery.com\/wp-content\/uploads\/2025\/11\/cropped-1232.png","contentUrl":"https:\/\/international-london-gallery.com\/wp-content\/uploads\/2025\/11\/cropped-1232.png","width":973,"height":341,"caption":"Freedom Gallery"},"image":{"@id":"https:\/\/international-london-gallery.com\/#\/schema\/logo\/image\/"}}]}},"_links":{"self":[{"href":"https:\/\/international-london-gallery.com\/index.php\/wp-json\/wp\/v2\/pages\/65","targetHints":{"allow":["GET"]}}],"collection":[{"href":"https:\/\/international-london-gallery.com\/index.php\/wp-json\/wp\/v2\/pages"}],"about":[{"href":"https:\/\/international-london-gallery.com\/index.php\/wp-json\/wp\/v2\/types\/page"}],"author":[{"embeddable":true,"href":"https:\/\/international-london-gallery.com\/index.php\/wp-json\/wp\/v2\/users\/1"}],"replies":[{"embeddable":true,"href":"https:\/\/international-london-gallery.com\/index.php\/wp-json\/wp\/v2\/comments?post=65"}],"version-history":[{"count":8,"href":"https:\/\/international-london-gallery.com\/index.php\/wp-json\/wp\/v2\/pages\/65\/revisions"}],"predecessor-version":[{"id":97,"href":"https:\/\/international-london-gallery.com\/index.php\/wp-json\/wp\/v2\/pages\/65\/revisions\/97"}],"wp:attachment":[{"href":"https:\/\/international-london-gallery.com\/index.php\/wp-json\/wp\/v2\/media?parent=65"}],"curies":[{"name":"wp","href":"https:\/\/api.w.org\/{rel}","templated":true}]}}